{"id":7924,"date":"2020-05-08T06:54:27","date_gmt":"2020-05-08T06:54:27","guid":{"rendered":"https:\/\/igh.xrunit.com\/contacto\/"},"modified":"2024-10-01T07:07:32","modified_gmt":"2024-10-01T07:07:32","slug":"contact","status":"publish","type":"page","link":"https:\/\/igharoma.com\/en\/contact\/","title":{"rendered":"Contact"},"content":{"rendered":"<style>\/*! elementor - v3.21.0 - 26-05-2024 *\/\n.elementor-heading-title{padding:0;margin:0;line-height:1}.elementor-widget-heading .elementor-heading-title[class*=elementor-size-]>a{color:inherit;font-size:inherit;line-height:inherit}.elementor-widget-heading .elementor-heading-title.elementor-size-small{font-size:15px}.elementor-widget-heading .elementor-heading-title.elementor-size-medium{font-size:19px}.elementor-widget-heading .elementor-heading-title.elementor-size-large{font-size:29px}.elementor-widget-heading .elementor-heading-title.elementor-size-xl{font-size:39px}.elementor-widget-heading .elementor-heading-title.elementor-size-xxl{font-size:59px}<\/style>\n<h2>Get in Touch<\/h2>\n<p role=\"status\" aria-live=\"polite\" aria-atomic=\"true\">\n<ul><\/ul>\n<form action=\"\/wp-admin\/admin-ajax.php#wpcf7-f7542-o1\" method=\"post\" aria-label=\"Formulario de contacto\" novalidate=\"novalidate\" data-status=\"init\">\n<input type=\"hidden\" name=\"_wpcf7\" value=\"7542\" \/><br \/>\n<input type=\"hidden\" name=\"_wpcf7_version\" value=\"5.9.5\" \/><br \/>\n<input type=\"hidden\" name=\"_wpcf7_locale\" value=\"es_ES\" \/><br \/>\n<input type=\"hidden\" name=\"_wpcf7_unit_tag\" value=\"wpcf7-f7542-o1\" \/><br \/>\n<input type=\"hidden\" name=\"_wpcf7_container_post\" value=\"0\" \/><br \/>\n<input type=\"hidden\" name=\"_wpcf7_posted_data_hash\" value=\"\" \/><\/p>\n<p>Name* <input size=\"40\" aria-required=\"true\" aria-invalid=\"false\" value=\"\" type=\"text\" name=\"nombre\" \/><br \/>\nCompany <input size=\"40\" aria-invalid=\"false\" value=\"\" type=\"text\" name=\"empresa\" \/><br \/>\nInterested in <select aria-invalid=\"false\" name=\"consulta\"><option value=\"Flavours\">Flavours<\/option><option value=\"Fruit preps\">Fruit preps<\/option><option value=\"Creams, Sauces or Toppings\">Creams, Sauces or Toppings<\/option><option value=\"Emulsions &amp; Compounds\">Emulsions &amp; Compounds<\/option><option value=\"Others\">Others<\/option><\/select><br \/>\nApplication <select aria-invalid=\"false\" name=\"consulta\"><option value=\"Pastry\">Pastry<\/option><option value=\"Dairy\">Dairy<\/option><option value=\"Confectionery\">Confectionery<\/option><option value=\"Drinks\">Drinks<\/option><option value=\"Sport nutrition\">Sport nutrition<\/option><option value=\"Snacks\">Snacks<\/option><option value=\"Ready meals\">Ready meals<\/option><option value=\"Meat &amp; seafood\">Meat &amp; seafood<\/option><option value=\"Oils\">Oils<\/option><option value=\"Food service\">Food service<\/option><option value=\"Others\">Others<\/option><\/select>\n\t\t<\/p>\n<p>Country <input size=\"40\" aria-invalid=\"false\" value=\"\" type=\"text\" name=\"pais\" \/><br \/>\ne-mail* <input size=\"40\" aria-required=\"true\" aria-invalid=\"false\" value=\"\" type=\"text\" name=\"email\" \/>\n\t\t<\/p>\n<p>Message* <textarea cols=\"40\" rows=\"10\" aria-required=\"true\" aria-invalid=\"false\" name=\"mensaje\"><\/textarea>\n\t<\/p>\n<p><input type=\"submit\" value=\"Send\" \/><br \/>\n<label><input type=\"checkbox\" name=\"acceptance-768\" value=\"1\" aria-invalid=\"false\" \/>I have read and accept <a href=\"https:\/\/igharoma.com\/en\/aviso-legal\/\"> the privacy police <\/a><\/label><br \/>\n<label><input type=\"checkbox\" name=\"acceptance-472\" value=\"1\" aria-invalid=\"false\" \/>I expressly request to receive commercial communications from you.<\/label>\n<\/p>\n<\/form>\n<h2>IGH Flavours &#038; Technology<\/h2>\n<p>If you have any questions, do not hesitate to contact us. We will be happy to answer you as soon as possible.<\/p>\n<style>\/*! elementor - v3.21.0 - 26-05-2024 *\/\n.elementor-widget-social-icons.elementor-grid-0 .elementor-widget-container,.elementor-widget-social-icons.elementor-grid-mobile-0 .elementor-widget-container,.elementor-widget-social-icons.elementor-grid-tablet-0 .elementor-widget-container{line-height:1;font-size:0}.elementor-widget-social-icons:not(.elementor-grid-0):not(.elementor-grid-tablet-0):not(.elementor-grid-mobile-0) .elementor-grid{display:inline-grid}.elementor-widget-social-icons .elementor-grid{grid-column-gap:var(--grid-column-gap,5px);grid-row-gap:var(--grid-row-gap,5px);grid-template-columns:var(--grid-template-columns);justify-content:var(--justify-content,center);justify-items:var(--justify-content,center)}.elementor-icon.elementor-social-icon{font-size:var(--icon-size,25px);line-height:var(--icon-size,25px);width:calc(var(--icon-size, 25px) + 2 * var(--icon-padding, .5em));height:calc(var(--icon-size, 25px) + 2 * var(--icon-padding, .5em))}.elementor-social-icon{--e-social-icon-icon-color:#fff;display:inline-flex;background-color:#69727d;align-items:center;justify-content:center;text-align:center;cursor:pointer}.elementor-social-icon i{color:var(--e-social-icon-icon-color)}.elementor-social-icon svg{fill:var(--e-social-icon-icon-color)}.elementor-social-icon:last-child{margin:0}.elementor-social-icon:hover{opacity:.9;color:#fff}.elementor-social-icon-android{background-color:#a4c639}.elementor-social-icon-apple{background-color:#999}.elementor-social-icon-behance{background-color:#1769ff}.elementor-social-icon-bitbucket{background-color:#205081}.elementor-social-icon-codepen{background-color:#000}.elementor-social-icon-delicious{background-color:#39f}.elementor-social-icon-deviantart{background-color:#05cc47}.elementor-social-icon-digg{background-color:#005be2}.elementor-social-icon-dribbble{background-color:#ea4c89}.elementor-social-icon-elementor{background-color:#d30c5c}.elementor-social-icon-envelope{background-color:#ea4335}.elementor-social-icon-facebook,.elementor-social-icon-facebook-f{background-color:#3b5998}.elementor-social-icon-flickr{background-color:#0063dc}.elementor-social-icon-foursquare{background-color:#2d5be3}.elementor-social-icon-free-code-camp,.elementor-social-icon-freecodecamp{background-color:#006400}.elementor-social-icon-github{background-color:#333}.elementor-social-icon-gitlab{background-color:#e24329}.elementor-social-icon-globe{background-color:#69727d}.elementor-social-icon-google-plus,.elementor-social-icon-google-plus-g{background-color:#dd4b39}.elementor-social-icon-houzz{background-color:#7ac142}.elementor-social-icon-instagram{background-color:#262626}.elementor-social-icon-jsfiddle{background-color:#487aa2}.elementor-social-icon-link{background-color:#818a91}.elementor-social-icon-linkedin,.elementor-social-icon-linkedin-in{background-color:#0077b5}.elementor-social-icon-medium{background-color:#00ab6b}.elementor-social-icon-meetup{background-color:#ec1c40}.elementor-social-icon-mixcloud{background-color:#273a4b}.elementor-social-icon-odnoklassniki{background-color:#f4731c}.elementor-social-icon-pinterest{background-color:#bd081c}.elementor-social-icon-product-hunt{background-color:#da552f}.elementor-social-icon-reddit{background-color:#ff4500}.elementor-social-icon-rss{background-color:#f26522}.elementor-social-icon-shopping-cart{background-color:#4caf50}.elementor-social-icon-skype{background-color:#00aff0}.elementor-social-icon-slideshare{background-color:#0077b5}.elementor-social-icon-snapchat{background-color:#fffc00}.elementor-social-icon-soundcloud{background-color:#f80}.elementor-social-icon-spotify{background-color:#2ebd59}.elementor-social-icon-stack-overflow{background-color:#fe7a15}.elementor-social-icon-steam{background-color:#00adee}.elementor-social-icon-stumbleupon{background-color:#eb4924}.elementor-social-icon-telegram{background-color:#2ca5e0}.elementor-social-icon-threads{background-color:#000}.elementor-social-icon-thumb-tack{background-color:#1aa1d8}.elementor-social-icon-tripadvisor{background-color:#589442}.elementor-social-icon-tumblr{background-color:#35465c}.elementor-social-icon-twitch{background-color:#6441a5}.elementor-social-icon-twitter{background-color:#1da1f2}.elementor-social-icon-viber{background-color:#665cac}.elementor-social-icon-vimeo{background-color:#1ab7ea}.elementor-social-icon-vk{background-color:#45668e}.elementor-social-icon-weibo{background-color:#dd2430}.elementor-social-icon-weixin{background-color:#31a918}.elementor-social-icon-whatsapp{background-color:#25d366}.elementor-social-icon-wordpress{background-color:#21759b}.elementor-social-icon-x-twitter{background-color:#000}.elementor-social-icon-xing{background-color:#026466}.elementor-social-icon-yelp{background-color:#af0606}.elementor-social-icon-youtube{background-color:#cd201f}.elementor-social-icon-500px{background-color:#0099e5}.elementor-shape-rounded .elementor-icon.elementor-social-icon{border-radius:10%}.elementor-shape-circle .elementor-icon.elementor-social-icon{border-radius:50%}<\/style>\n<p>\t\t\t\t\t<a href=\"https:\/\/www.linkedin.com\/company\/igh-flavours-&#038;-technology\/\" target=\"_blank\" rel=\"noopener\"><br \/>\n\t\t\t\t\t\tLinkedin-in<br \/>\n\t\t\t\t\t\t\t\t\t\t\t<\/a><br \/>\n\t\t\t\t\t<a href=\"https:\/\/www.instagram.com\/igh_flavours\" target=\"_blank\" rel=\"noopener\"><br \/>\n\t\t\t\t\t\tInstagram<br \/>\n\t\t\t\t\t\t\t\t\t\t\t<\/a><br \/>\n\t\t\t\t\t<a href=\"https:\/\/www.youtube.com\/@ighflavourstechnology7514\" target=\"_blank\" rel=\"noopener\"><br \/>\n\t\t\t\t\t\tYoutube<br \/>\n\t\t\t\t\t\t\t\t\t\t\t<\/a><\/p>\n<h2>Work with us<\/h2>\n<p role=\"status\" aria-live=\"polite\" aria-atomic=\"true\">\n<ul><\/ul>\n<form action=\"\/wp-admin\/admin-ajax.php#wpcf7-f11390-o2\" method=\"post\" aria-label=\"Formulario de contacto\" enctype=\"multipart\/form-data\" novalidate=\"novalidate\" data-status=\"init\">\n<input type=\"hidden\" name=\"_wpcf7\" value=\"11390\" \/><br \/>\n<input type=\"hidden\" name=\"_wpcf7_version\" value=\"5.9.5\" \/><br \/>\n<input type=\"hidden\" name=\"_wpcf7_locale\" value=\"es_ES\" \/><br \/>\n<input type=\"hidden\" name=\"_wpcf7_unit_tag\" value=\"wpcf7-f11390-o2\" \/><br \/>\n<input type=\"hidden\" name=\"_wpcf7_container_post\" value=\"0\" \/><br \/>\n<input type=\"hidden\" name=\"_wpcf7_posted_data_hash\" value=\"\" \/><\/p>\n<p>Name* <input size=\"40\" aria-required=\"true\" aria-invalid=\"false\" value=\"\" type=\"text\" name=\"nombre\" \/>\n\t\t<\/p>\n<p>e-mail* <input size=\"40\" aria-required=\"true\" aria-invalid=\"false\" value=\"\" type=\"email\" name=\"email\" \/><br \/>\nCV *<input size=\"40\" accept=\"audio\/*,video\/*,image\/*\" aria-required=\"true\" aria-invalid=\"false\" type=\"file\" name=\"Archivos\" \/>\n\t\t<\/p>\n<p><input type=\"submit\" value=\"Enviar\" \/><br \/>\n<label><input type=\"checkbox\" name=\"acceptance-768\" value=\"1\" aria-invalid=\"false\" \/>I have read and accept <a href=\"https:\/\/igharoma.com\/en\/aviso-legal\/\"> privacy policy . <\/a><\/label>\n<\/p>\n<\/form>\n<h6>IGH Flavours &#038; Technology Headquarters<br \/> Factory<\/h6>\n<p>Pol\u00edgono Industrial Las Salinas<br \/>\nAvenida Inglaterra, Manzana 8 Parcela 11<br \/>\n30840 Alhama de Murcia (MURCIA)<br \/>\nTel: +34 968 892 645<br \/>\nFax: +34 968 807 631\n<\/p>\n<h6>IGH Flavours &#038; Technology (Espa\u00f1a)<br \/> Factory<\/h6>\n<p>Pol. Ind. La Poveda Borondo<br \/>\nCalle Cabo de Tortosa 25<br \/>\n28500 Arganda del Rey  (MADRID)<br \/>\nTel: +34 918 70 06 07<\/p>\n<h6><a style='color:blue;' href='https:\/\/www.expafruit.com\/'>Expafruit (Espa\u00f1a) <\/a><br \/> Factory &#038; Comercial Office<\/h6>\n<p>C\/ Las Salinas, n\u00ba18<br \/>\n08830 Sant Boi de Llobregat<br \/>\nBarcelona (Espa\u00f1a)<br \/>\nTel: +34 936 402 690<br \/>\nFax: +34 936 976 099<br \/>\n<a href=\"https:\/\/www.expafruit.com\">www.expafruit.com<\/a>\n<\/p>\n<h6>IGH Aroma Gida A.\u015e. (Turqu\u00eda)<br \/> Factory<\/h6>\n<p>\u0130kitelli OSB. S\u00fcleyman Demirel Bulvar\u0131<br \/>\nZiya G\u00f6kalp Mah. Sinpa\u015f \u0130\u015fModern<br \/>\nI Blok K:2 No:37 BA\u015eAK\u015eEHIR, 34306 <br \/>ISTANBUL<br \/>\nTel: +90 212 777 53 57\n<\/p>\n<h6><a style='color:blue;' href='mailto:infotr@igharoma.com'>IGH Aroma Gida A.\u015e. (Turqu\u00eda)<\/a><br \/>Comercial Office<\/h6>\n<p>Mah. Ihmahor Cd. No:29 Premier Kamp\u00fcs Ofis<br \/>\nA Blok Kat:6 No: 614 34440  Kagithane  (ISTAMBUL)<br \/>\nTel: +90 212 777 53 57 <br \/>\n infotr@igharoma.com\n<\/p>\n<p>\t\t\t<a href=\"https:\/\/app.canaldedenunciassoftware.com\/igh-flavours-technology-s-a\/add\">Go to whistleblowing channel<\/a><\/p>\n","protected":false},"excerpt":{"rendered":"<p>Get in Touch Name* Company Interested in FlavoursFruit prepsCreams, Sauces or ToppingsEmulsions &amp; CompoundsOthers Application PastryDairyConfectioneryDrinksSport nutritionSnacksReady mealsMeat &amp; seafoodOilsFood serviceOthers Country e-mail* Message* I have read and accept the privacy police I expressly request to receive commercial communications from you. IGH Flavours &#038; Technology If you have any questions, do not hesitate to contact [&hellip;]<\/p>\n","protected":false},"author":1,"featured_media":0,"parent":0,"menu_order":0,"comment_status":"closed","ping_status":"closed","template":"","meta":{"footnotes":""},"class_list":["post-7924","page","type-page","status-publish","hentry"],"_links":{"self":[{"href":"https:\/\/igharoma.com\/en\/wp-json\/wp\/v2\/pages\/7924","targetHints":{"allow":["GET"]}}],"collection":[{"href":"https:\/\/igharoma.com\/en\/wp-json\/wp\/v2\/pages"}],"about":[{"href":"https:\/\/igharoma.com\/en\/wp-json\/wp\/v2\/types\/page"}],"author":[{"embeddable":true,"href":"https:\/\/igharoma.com\/en\/wp-json\/wp\/v2\/users\/1"}],"replies":[{"embeddable":true,"href":"https:\/\/igharoma.com\/en\/wp-json\/wp\/v2\/comments?post=7924"}],"version-history":[{"count":106,"href":"https:\/\/igharoma.com\/en\/wp-json\/wp\/v2\/pages\/7924\/revisions"}],"predecessor-version":[{"id":11692,"href":"https:\/\/igharoma.com\/en\/wp-json\/wp\/v2\/pages\/7924\/revisions\/11692"}],"wp:attachment":[{"href":"https:\/\/igharoma.com\/en\/wp-json\/wp\/v2\/media?parent=7924"}],"curies":[{"name":"wp","href":"https:\/\/api.w.org\/{rel}","templated":true}]}}